{"id":1225,"date":"2017-10-04T12:29:41","date_gmt":"2017-10-04T12:29:41","guid":{"rendered":"https:\/\/ugdymaslauke.lt\/?page_id=1225"},"modified":"2019-07-04T20:37:08","modified_gmt":"2019-07-04T20:37:08","slug":"seminarai-2","status":"publish","type":"page","link":"https:\/\/ugdymaslauke.lt\/?page_id=1225","title":{"rendered":"Lektoriai"},"content":{"rendered":"<p><img loading=\"lazy\" decoding=\"async\" data-attachment-id=\"601\" data-permalink=\"https:\/\/ugdymaslauke.lt\/?attachment_id=601\" data-orig-file=\"https:\/\/ugdymaslauke.lt\/wp-content\/uploads\/2016\/02\/Zilvinas-Karpis.jpg\" data-orig-size=\"3266,4897\" data-comments-opened=\"1\" data-image-meta=\"{&quot;aperture&quot;:&quot;0&quot;,&quot;credit&quot;:&quot;&quot;,&quot;camera&quot;:&quot;&quot;,&quot;caption&quot;:&quot;&quot;,&quot;created_timestamp&quot;:&quot;0&quot;,&quot;copyright&quot;:&quot;&quot;,&quot;focal_length&quot;:&quot;0&quot;,&quot;iso&quot;:&quot;0&quot;,&quot;shutter_speed&quot;:&quot;0&quot;,&quot;title&quot;:&quot;&quot;,&quot;orientation&quot;:&quot;1&quot;}\" data-image-title=\"Zilvinas Karpis\" data-image-description=\"\" data-image-caption=\"\" data-medium-file=\"https:\/\/ugdymaslauke.lt\/wp-content\/uploads\/2016\/02\/Zilvinas-Karpis-200x300.jpg\" data-large-file=\"https:\/\/ugdymaslauke.lt\/wp-content\/uploads\/2016\/02\/Zilvinas-Karpis-683x1024.jpg\" class=\"alignleft size-thumbnail wp-image-601\" src=\"https:\/\/ugdymaslauke.lt\/wp-content\/uploads\/2016\/02\/Zilvinas-Karpis-150x150.jpg\" alt=\"Zilvinas Karpis\" width=\"150\" height=\"150\"><strong><a href=\"https:\/\/ugdymaslauke.lt\/?page_id=28\">\u017dilvinas Karpis<\/a><\/strong><a href=\"https:\/\/ugdymaslauke.lt\/?page_id=28\"><strong><br \/>\n<\/strong>Lauko dar\u017eeli\u0173 Lietuvoje pradininkas<br \/>\n<\/a><\/p>\n<p><img loading=\"lazy\" decoding=\"async\" data-attachment-id=\"1465\" data-permalink=\"https:\/\/ugdymaslauke.lt\/?attachment_id=1465\" data-orig-file=\"https:\/\/ugdymaslauke.lt\/wp-content\/uploads\/2017\/12\/Irena-Ara\u010diauskien\u0117-Foto-150x150.jpg\" data-orig-size=\"150,150\" data-comments-opened=\"1\" data-image-meta=\"{&quot;aperture&quot;:&quot;0&quot;,&quot;credit&quot;:&quot;&quot;,&quot;camera&quot;:&quot;&quot;,&quot;caption&quot;:&quot;&quot;,&quot;created_timestamp&quot;:&quot;0&quot;,&quot;copyright&quot;:&quot;&quot;,&quot;focal_length&quot;:&quot;0&quot;,&quot;iso&quot;:&quot;0&quot;,&quot;shutter_speed&quot;:&quot;0&quot;,&quot;title&quot;:&quot;&quot;,&quot;orientation&quot;:&quot;0&quot;}\" data-image-title=\"Irena-Ara\u010diauskien\u0117-Foto-150&#215;150\" data-image-description=\"\" data-image-caption=\"\" data-medium-file=\"https:\/\/ugdymaslauke.lt\/wp-content\/uploads\/2017\/12\/Irena-Ara\u010diauskien\u0117-Foto-150x150.jpg\" data-large-file=\"https:\/\/ugdymaslauke.lt\/wp-content\/uploads\/2017\/12\/Irena-Ara\u010diauskien\u0117-Foto-150x150.jpg\" class=\"alignleft wp-image-1465 size-thumbnail\" src=\"https:\/\/ugdymaslauke.lt\/wp-content\/uploads\/2017\/12\/Irena-Ara\u010diauskien\u0117-Foto-150x150.jpg\" alt=\"\" width=\"150\" height=\"150\"><strong><a href=\"https:\/\/ugdymaslauke.lt\/?page_id=1491\">Irena Ara\u010diauskien\u0117<\/a><\/strong><a href=\"https:\/\/ugdymaslauke.lt\/?page_id=1491\"><br \/>\nLauko dar\u017eelio vadov\u0117.<br \/>\n<\/a><\/p>\n<p><img loading=\"lazy\" decoding=\"async\" data-attachment-id=\"1456\" data-permalink=\"https:\/\/ugdymaslauke.lt\/?attachment_id=1456\" data-orig-file=\"https:\/\/ugdymaslauke.lt\/wp-content\/uploads\/2017\/12\/Tomas-Audenis.jpg\" data-orig-size=\"1600,1067\" data-comments-opened=\"1\" data-image-meta=\"{&quot;aperture&quot;:&quot;0&quot;,&quot;credit&quot;:&quot;Greta Juodziukynaite\\\/greta.juod@gmail.com&quot;,&quot;camera&quot;:&quot;&quot;,&quot;caption&quot;:&quot;&quot;,&quot;created_timestamp&quot;:&quot;0&quot;,&quot;copyright&quot;:&quot;&quot;,&quot;focal_length&quot;:&quot;0&quot;,&quot;iso&quot;:&quot;0&quot;,&quot;shutter_speed&quot;:&quot;0&quot;,&quot;title&quot;:&quot;&quot;,&quot;orientation&quot;:&quot;0&quot;}\" data-image-title=\"Tomas Audenis\" data-image-description=\"\" data-image-caption=\"\" data-medium-file=\"https:\/\/ugdymaslauke.lt\/wp-content\/uploads\/2017\/12\/Tomas-Audenis-300x200.jpg\" data-large-file=\"https:\/\/ugdymaslauke.lt\/wp-content\/uploads\/2017\/12\/Tomas-Audenis-1024x683.jpg\" class=\"alignleft size-thumbnail wp-image-1456\" src=\"https:\/\/ugdymaslauke.lt\/wp-content\/uploads\/2017\/12\/Tomas-Audenis-150x150.jpg\" alt=\"\" width=\"150\" height=\"150\"><a href=\"https:\/\/ugdymaslauke.lt\/?page_id=1455\"><strong>Tomas Audenis<\/strong><br \/>\nLauko dar\u017eelio projekt\u0173 vadovas<br \/>\n<\/a><\/p>\n","protected":false},"excerpt":{"rendered":"<p>\u017dilvinas Karpis Lauko dar\u017eeli\u0173 Lietuvoje pradininkas Irena Ara\u010diauskien\u0117 Lauko dar\u017eelio vadov\u0117. Tomas Audenis Lauko dar\u017eelio projekt\u0173 vadovas<\/p>\n","protected":false},"author":1,"featured_media":0,"parent":0,"menu_order":0,"comment_status":"closed","ping_status":"closed","template":"","meta":{"jetpack_post_was_ever_published":false,"footnotes":""},"jetpack_sharing_enabled":true,"jetpack_shortlink":"https:\/\/wp.me\/P71AQ4-jL","jetpack-related-posts":[],"jetpack_likes_enabled":true,"_links":{"self":[{"href":"https:\/\/ugdymaslauke.lt\/index.php?rest_route=\/wp\/v2\/pages\/1225"}],"collection":[{"href":"https:\/\/ugdymaslauke.lt\/index.php?rest_route=\/wp\/v2\/pages"}],"about":[{"href":"https:\/\/ugdymaslauke.lt\/index.php?rest_route=\/wp\/v2\/types\/page"}],"author":[{"embeddable":true,"href":"https:\/\/ugdymaslauke.lt\/index.php?rest_route=\/wp\/v2\/users\/1"}],"replies":[{"embeddable":true,"href":"https:\/\/ugdymaslauke.lt\/index.php?rest_route=%2Fwp%2Fv2%2Fcomments&post=1225"}],"version-history":[{"count":52,"href":"https:\/\/ugdymaslauke.lt\/index.php?rest_route=\/wp\/v2\/pages\/1225\/revisions"}],"predecessor-version":[{"id":1677,"href":"https:\/\/ugdymaslauke.lt\/index.php?rest_route=\/wp\/v2\/pages\/1225\/revisions\/1677"}],"wp:attachment":[{"href":"https:\/\/ugdymaslauke.lt\/index.php?rest_route=%2Fwp%2Fv2%2Fmedia&parent=1225"}],"curies":[{"name":"wp","href":"https:\/\/api.w.org\/{rel}","templated":true}]}}