{"id":1455,"date":"2017-12-21T12:27:07","date_gmt":"2017-12-21T12:27:07","guid":{"rendered":"https:\/\/ugdymaslauke.lt\/?page_id=1455"},"modified":"2018-09-21T06:27:19","modified_gmt":"2018-09-21T06:27:19","slug":"vaiku-saugumo-ribos-lauke","status":"publish","type":"page","link":"https:\/\/ugdymaslauke.lt\/?page_id=1455","title":{"rendered":"Tomas Audenis"},"content":{"rendered":"<p><span style=\"font-weight: 400;\"><img loading=\"lazy\" decoding=\"async\" data-attachment-id=\"1456\" data-permalink=\"https:\/\/ugdymaslauke.lt\/?attachment_id=1456\" data-orig-file=\"https:\/\/ugdymaslauke.lt\/wp-content\/uploads\/2017\/12\/Tomas-Audenis.jpg\" data-orig-size=\"1600,1067\" data-comments-opened=\"1\" data-image-meta=\"{&quot;aperture&quot;:&quot;0&quot;,&quot;credit&quot;:&quot;Greta Juodziukynaite\\\/greta.juod@gmail.com&quot;,&quot;camera&quot;:&quot;&quot;,&quot;caption&quot;:&quot;&quot;,&quot;created_timestamp&quot;:&quot;0&quot;,&quot;copyright&quot;:&quot;&quot;,&quot;focal_length&quot;:&quot;0&quot;,&quot;iso&quot;:&quot;0&quot;,&quot;shutter_speed&quot;:&quot;0&quot;,&quot;title&quot;:&quot;&quot;,&quot;orientation&quot;:&quot;0&quot;}\" data-image-title=\"Tomas Audenis\" data-image-description=\"\" data-image-caption=\"\" data-medium-file=\"https:\/\/ugdymaslauke.lt\/wp-content\/uploads\/2017\/12\/Tomas-Audenis-300x200.jpg\" data-large-file=\"https:\/\/ugdymaslauke.lt\/wp-content\/uploads\/2017\/12\/Tomas-Audenis-1024x683.jpg\" class=\"alignright size-medium wp-image-1456\" src=\"https:\/\/ugdymaslauke.lt\/wp-content\/uploads\/2017\/12\/Tomas-Audenis-300x200.jpg\" alt=\"\" width=\"300\" height=\"200\" srcset=\"https:\/\/ugdymaslauke.lt\/wp-content\/uploads\/2017\/12\/Tomas-Audenis-300x200.jpg 300w, https:\/\/ugdymaslauke.lt\/wp-content\/uploads\/2017\/12\/Tomas-Audenis-768x512.jpg 768w, https:\/\/ugdymaslauke.lt\/wp-content\/uploads\/2017\/12\/Tomas-Audenis-1024x683.jpg 1024w, https:\/\/ugdymaslauke.lt\/wp-content\/uploads\/2017\/12\/Tomas-Audenis-272x182.jpg 272w, https:\/\/ugdymaslauke.lt\/wp-content\/uploads\/2017\/12\/Tomas-Audenis.jpg 1600w\" sizes=\"(max-width: 300px) 100vw, 300px\" \/><\/span><\/p>\n<p>Seminar\u0105 ves Tomas Audenis \u2013 aukl\u0117tojas, Lauko dar\u017eelio projekt\u0173 vadovas, stovykl\u0173 vaikams komandos narys.\u00a0 Su vaikais ir paaugliais T. Audenis dirba keturiolika met\u0173. Baig\u0117 socialin\u0117s pedagogikos studijas, patirties \u012fgijo dirbdamas vaik\u0173 namuose, praktikavosi Suomijoje. Vaikams organizuodavo i\u0161vykas \u012f gamt\u0105, stovyklas, b\u016brelius \u2013 \u0161ias \u017einias pritaiko ir dar\u017eelyje. M\u0117gsta \u017eygius \u012f gamt\u0105, aktyv\u0173 laisvalaik\u012f joje.<\/p>\n<p>Lauko pedagogikos patirties \u012fgijo lankydamasis lauko dar\u017eeliuose Islandijoje, Norvegijoje. Rizik\u0173 ugdant vaikus lauke suvaldymo \u017einias gilino Anglijoje vykusiuose \u201eArchimedes\u201c kompanijos mokymuose, kilusiuose i\u0161 asociacijos \u201eForest School\u201c patirties.<\/p>\n<p>\u201eA\u0161 sav\u0119s ne\u012fsivaizduoju be gamtos\u201c, \u2013 sako T. Audenis, kuriam tenka \u017eygiuoti, ie\u0161koti lobi\u0173, kurti lau\u017e\u0105 ant sniego, po med\u017eiu skaityti pasak\u0105 ar, sutikus e\u017e\u012f, i\u0161ai\u0161kinti visk\u0105 apie jo gyvenim\u0105.<\/p>\n<h4 style=\"text-align: center;\"><a href=\"https:\/\/ugdymaslauke.lt\/?page_id=2\" target=\"_blank\" rel=\"noopener\"><strong>Ie\u0161koti artimiausio seminaro<\/strong><\/a><\/h4>\n","protected":false},"excerpt":{"rendered":"<p>Seminar\u0105 ves Tomas Audenis \u2013 aukl\u0117tojas, Lauko dar\u017eelio projekt\u0173 vadovas, stovykl\u0173 vaikams komandos narys.\u00a0 Su vaikais ir paaugliais T. Audenis dirba keturiolika met\u0173. Baig\u0117 socialin\u0117s pedagogikos studijas, patirties \u012fgijo dirbdamas vaik\u0173 namuose, praktikavosi Suomijoje. Vaikams organizuodavo i\u0161vykas \u012f gamt\u0105, stovyklas, b\u016brelius \u2013 \u0161ias \u017einias pritaiko ir dar\u017eelyje. M\u0117gsta \u017eygius \u012f gamt\u0105, aktyv\u0173 laisvalaik\u012f joje. Lauko [&hellip;]<\/p>\n","protected":false},"author":1,"featured_media":0,"parent":1225,"menu_order":0,"comment_status":"closed","ping_status":"closed","template":"","meta":{"jetpack_post_was_ever_published":false,"footnotes":""},"jetpack_sharing_enabled":true,"jetpack_shortlink":"https:\/\/wp.me\/P71AQ4-nt","jetpack-related-posts":[],"jetpack_likes_enabled":true,"_links":{"self":[{"href":"https:\/\/ugdymaslauke.lt\/index.php?rest_route=\/wp\/v2\/pages\/1455"}],"collection":[{"href":"https:\/\/ugdymaslauke.lt\/index.php?rest_route=\/wp\/v2\/pages"}],"about":[{"href":"https:\/\/ugdymaslauke.lt\/index.php?rest_route=\/wp\/v2\/types\/page"}],"author":[{"embeddable":true,"href":"https:\/\/ugdymaslauke.lt\/index.php?rest_route=\/wp\/v2\/users\/1"}],"replies":[{"embeddable":true,"href":"https:\/\/ugdymaslauke.lt\/index.php?rest_route=%2Fwp%2Fv2%2Fcomments&post=1455"}],"version-history":[{"count":9,"href":"https:\/\/ugdymaslauke.lt\/index.php?rest_route=\/wp\/v2\/pages\/1455\/revisions"}],"predecessor-version":[{"id":1594,"href":"https:\/\/ugdymaslauke.lt\/index.php?rest_route=\/wp\/v2\/pages\/1455\/revisions\/1594"}],"up":[{"embeddable":true,"href":"https:\/\/ugdymaslauke.lt\/index.php?rest_route=\/wp\/v2\/pages\/1225"}],"wp:attachment":[{"href":"https:\/\/ugdymaslauke.lt\/index.php?rest_route=%2Fwp%2Fv2%2Fmedia&parent=1455"}],"curies":[{"name":"wp","href":"https:\/\/api.w.org\/{rel}","templated":true}]}}