{"id":1491,"date":"2018-03-05T12:47:24","date_gmt":"2018-03-05T12:47:24","guid":{"rendered":"https:\/\/ugdymaslauke.lt\/?page_id=1491"},"modified":"2019-07-04T20:37:36","modified_gmt":"2019-07-04T20:37:36","slug":"ugdymo-erdves-lauke","status":"publish","type":"page","link":"https:\/\/ugdymaslauke.lt\/?page_id=1491","title":{"rendered":"Irena Ara\u010diauskien\u0117"},"content":{"rendered":"<p><img loading=\"lazy\" decoding=\"async\" data-attachment-id=\"1498\" data-permalink=\"https:\/\/ugdymaslauke.lt\/?attachment_id=1498\" data-orig-file=\"https:\/\/ugdymaslauke.lt\/wp-content\/uploads\/2018\/03\/Irena-Ara\u010diauskien\u0117-Foto.jpg\" data-orig-size=\"4032,2272\" data-comments-opened=\"1\" data-image-meta=\"{&quot;aperture&quot;:&quot;8&quot;,&quot;credit&quot;:&quot;&quot;,&quot;camera&quot;:&quot;E-PL3&quot;,&quot;caption&quot;:&quot;OLYMPUS DIGITAL CAMERA&quot;,&quot;created_timestamp&quot;:&quot;1432477939&quot;,&quot;copyright&quot;:&quot;&quot;,&quot;focal_length&quot;:&quot;24&quot;,&quot;iso&quot;:&quot;800&quot;,&quot;shutter_speed&quot;:&quot;0.004&quot;,&quot;title&quot;:&quot;OLYMPUS DIGITAL CAMERA&quot;,&quot;orientation&quot;:&quot;1&quot;}\" data-image-title=\"\" data-image-description=\"\" data-image-caption=\"\" data-medium-file=\"https:\/\/ugdymaslauke.lt\/wp-content\/uploads\/2018\/03\/Irena-Ara\u010diauskien\u0117-Foto-300x169.jpg\" data-large-file=\"https:\/\/ugdymaslauke.lt\/wp-content\/uploads\/2018\/03\/Irena-Ara\u010diauskien\u0117-Foto-1024x577.jpg\" class=\"alignright size-medium wp-image-1498\" src=\"https:\/\/ugdymaslauke.lt\/wp-content\/uploads\/2018\/03\/Irena-Ara\u010diauskien\u0117-Foto-300x169.jpg\" alt=\"\" width=\"300\" height=\"169\" srcset=\"https:\/\/ugdymaslauke.lt\/wp-content\/uploads\/2018\/03\/Irena-Ara\u010diauskien\u0117-Foto-300x169.jpg 300w, https:\/\/ugdymaslauke.lt\/wp-content\/uploads\/2018\/03\/Irena-Ara\u010diauskien\u0117-Foto-768x433.jpg 768w, https:\/\/ugdymaslauke.lt\/wp-content\/uploads\/2018\/03\/Irena-Ara\u010diauskien\u0117-Foto-1024x577.jpg 1024w\" sizes=\"(max-width: 300px) 100vw, 300px\" \/>Lauko dar\u017eelio vadov\u0117, turinti ilgamet\u0119 darbo su vaikais patirt\u012f. Gilinasi \u012f patirtinio ugdymo srit\u012f, rengia Lauko dar\u017eelio program\u0105, veda seminarus pedagogams apie b\u016bdus prisijaukinti lauk\u0105.<\/p>\n<p>\u012e \u0161vietim\u0105 pasuko u\u017eauginusi savo vaikus, supratusi, kad nori kitokio ugdymo \u2013 kai centre yra vaikas, trok\u0161tantis tobul\u0117ti, augti, laisv\u0117ti, o j\u012f lydintis aukl\u0117tojas ne vadovauja, bet kursto smalsum\u0105. Baig\u0117 \u0161vietimo vadybos studijas Vytauto Did\u017eiojo universitete, lauko pedagogikos \u017eini\u0173 s\u0117m\u0117si lankydama lauko dar\u017eelius Islandijoje, Norvegijoje, i\u0161klaus\u0117 \u0160vedijos ekspert\u0173 seminar\u0105 apie lauko pedagogikos taikym\u0105 ikimokyklinukams, \u017einias gilino Anglijoje vykusiuose \u201eArchimedes\u201c kompanijos mokymuose, kilusiuose i\u0161 asociacijos \u201eForest School\u201c patirties.<\/p>\n<p>\u201eTuriu empatijos dovan\u0105 \u2013 labai jau\u010diu, k\u0105 jau\u010dia vaikai\u201c, \u2013 sako I. Ara\u010diauskien\u0117, da\u017enai seminaruose kartojanti, kad ugdymas yra kaip gyvenimas, tai nesibaigiantis tyrin\u0117jim\u0173 ir atradim\u0173 procesas \u2013 net ir suaugusiems.<\/p>\n<h4 style=\"text-align: center;\"><a href=\"https:\/\/ugdymaslauke.lt\/?page_id=2\" target=\"_blank\" rel=\"noopener noreferrer\"><strong>Ie\u0161koti artimiausio seminaro<\/strong><\/a><\/h4>\n","protected":false},"excerpt":{"rendered":"<p>Lauko dar\u017eelio vadov\u0117, turinti ilgamet\u0119 darbo su vaikais patirt\u012f. Gilinasi \u012f patirtinio ugdymo srit\u012f, rengia Lauko dar\u017eelio program\u0105, veda seminarus pedagogams apie b\u016bdus prisijaukinti lauk\u0105. \u012e \u0161vietim\u0105 pasuko u\u017eauginusi savo vaikus, supratusi, kad nori kitokio ugdymo \u2013 kai centre yra vaikas, trok\u0161tantis tobul\u0117ti, augti, laisv\u0117ti, o j\u012f lydintis aukl\u0117tojas ne vadovauja, bet kursto smalsum\u0105. Baig\u0117 [&hellip;]<\/p>\n","protected":false},"author":1,"featured_media":0,"parent":1225,"menu_order":0,"comment_status":"closed","ping_status":"closed","template":"","meta":{"jetpack_post_was_ever_published":false,"footnotes":""},"jetpack_sharing_enabled":true,"jetpack_shortlink":"https:\/\/wp.me\/P71AQ4-o3","jetpack-related-posts":[],"jetpack_likes_enabled":true,"_links":{"self":[{"href":"https:\/\/ugdymaslauke.lt\/index.php?rest_route=\/wp\/v2\/pages\/1491"}],"collection":[{"href":"https:\/\/ugdymaslauke.lt\/index.php?rest_route=\/wp\/v2\/pages"}],"about":[{"href":"https:\/\/ugdymaslauke.lt\/index.php?rest_route=\/wp\/v2\/types\/page"}],"author":[{"embeddable":true,"href":"https:\/\/ugdymaslauke.lt\/index.php?rest_route=\/wp\/v2\/users\/1"}],"replies":[{"embeddable":true,"href":"https:\/\/ugdymaslauke.lt\/index.php?rest_route=%2Fwp%2Fv2%2Fcomments&post=1491"}],"version-history":[{"count":7,"href":"https:\/\/ugdymaslauke.lt\/index.php?rest_route=\/wp\/v2\/pages\/1491\/revisions"}],"predecessor-version":[{"id":1678,"href":"https:\/\/ugdymaslauke.lt\/index.php?rest_route=\/wp\/v2\/pages\/1491\/revisions\/1678"}],"up":[{"embeddable":true,"href":"https:\/\/ugdymaslauke.lt\/index.php?rest_route=\/wp\/v2\/pages\/1225"}],"wp:attachment":[{"href":"https:\/\/ugdymaslauke.lt\/index.php?rest_route=%2Fwp%2Fv2%2Fmedia&parent=1491"}],"curies":[{"name":"wp","href":"https:\/\/api.w.org\/{rel}","templated":true}]}}