{"id":1794,"date":"2020-06-25T15:02:41","date_gmt":"2020-06-25T15:02:41","guid":{"rendered":"https:\/\/ugdymaslauke.lt\/?page_id=1794"},"modified":"2020-06-25T17:50:08","modified_gmt":"2020-06-25T17:50:08","slug":"reglamentavimas","status":"publish","type":"page","link":"https:\/\/ugdymaslauke.lt\/?page_id=1794","title":{"rendered":"Reglamentavimas"},"content":{"rendered":"\n<p class=\"has-text-align-center\"><strong>Lauko dar\u017eeliams taikoma higienos paso i\u0161davimo tvarka<\/strong><\/p>\n\n\n\n<p class=\"has-text-align-center\"><a rel=\"noreferrer noopener\" href=\"https:\/\/e-seimas.lrs.lt\/portal\/legalAct\/lt\/TAD\/71acb3d282d511eaa51db668f0092944\" target=\"_blank\">\u012esakymas d\u0117l Lietuvos Respublikos sveikatos apsaugos ministro 2010 m. liepos 13 d. \u012fsakymo Nr. V-632 \u201eD\u0117l Leidim\u0173-higienos pas\u0173 i\u0161davimo taisykli\u0173 patvirtinimo\u201c pakeitimo<\/a><\/p>\n\n\n\n<p class=\"has-text-align-center\"><strong>Lauko dar\u017eeliams taikoma higienos norma<\/strong><\/p>\n\n\n\n<p class=\"has-text-align-center\"><a rel=\"noreferrer noopener\" href=\"https:\/\/e-seimas.lrs.lt\/portal\/legalAct\/lt\/TAD\/9336aba082d511eaa51db668f0092944?jfwid=-16pzxb6b6p\" target=\"_blank\">\u012esakymas d\u0117l Lietuvos Respublikos sveikatos apsaugos ministro 2010 m. baland\u017eio 22 d. \u012fsakymo Nr. V-313 \u201eD\u0117l Lietuvos higienos normos HN 75:2016 \u201eIkimokyklinio ir prie\u0161mokyklinio ugdymo program\u0173 vykdymo bendrieji sveikatos saugos reikalavimai\u201c patvirtinimo\u201c pakeitimo<\/a><\/p>\n\n\n\n<p class=\"has-text-align-center\"><strong>Lauko dar\u017eeliams taikoma maitinimo organizavimo tvarka<\/strong><\/p>\n\n\n\n<p class=\"has-text-align-center\"><a href=\"https:\/\/www.e-tar.lt\/portal\/lt\/legalAct\/a8d14e5046e311e8ade598b2394a491d\/asr\" target=\"_blank\" rel=\"noreferrer noopener\">\u012esakymas d\u0117l Lietuvos Respublikos sveikatos apsaugos ministro 2011 m. lapkri\u010dio 11 d. \u012fsakymo Nr. V-964 \u201eD\u0117l Maitinimo organizavimo ikimokyklinio ugdymo, bendrojo ugdymo mokyklose ir vaik\u0173 socialin\u0117s globos \u012fstaigose tvarkos apra\u0161o patvirtinimo&#8221; pakeitimo<\/a><\/p>\n","protected":false},"excerpt":{"rendered":"<p>Lauko dar\u017eeliams taikoma higienos paso i\u0161davimo tvarka \u012esakymas d\u0117l Lietuvos Respublikos sveikatos apsaugos ministro 2010 m. liepos 13 d. \u012fsakymo Nr. V-632 \u201eD\u0117l Leidim\u0173-higienos pas\u0173 i\u0161davimo taisykli\u0173 patvirtinimo\u201c pakeitimo Lauko dar\u017eeliams taikoma higienos norma \u012esakymas d\u0117l Lietuvos Respublikos sveikatos apsaugos ministro 2010 m. baland\u017eio 22 d. \u012fsakymo Nr. V-313 \u201eD\u0117l Lietuvos higienos normos HN 75:2016 [&hellip;]<\/p>\n","protected":false},"author":1,"featured_media":0,"parent":0,"menu_order":0,"comment_status":"closed","ping_status":"closed","template":"","meta":{"jetpack_post_was_ever_published":false,"footnotes":""},"jetpack_sharing_enabled":true,"jetpack_shortlink":"https:\/\/wp.me\/P71AQ4-sW","jetpack-related-posts":[],"jetpack_likes_enabled":true,"_links":{"self":[{"href":"https:\/\/ugdymaslauke.lt\/index.php?rest_route=\/wp\/v2\/pages\/1794"}],"collection":[{"href":"https:\/\/ugdymaslauke.lt\/index.php?rest_route=\/wp\/v2\/pages"}],"about":[{"href":"https:\/\/ugdymaslauke.lt\/index.php?rest_route=\/wp\/v2\/types\/page"}],"author":[{"embeddable":true,"href":"https:\/\/ugdymaslauke.lt\/index.php?rest_route=\/wp\/v2\/users\/1"}],"replies":[{"embeddable":true,"href":"https:\/\/ugdymaslauke.lt\/index.php?rest_route=%2Fwp%2Fv2%2Fcomments&post=1794"}],"version-history":[{"count":6,"href":"https:\/\/ugdymaslauke.lt\/index.php?rest_route=\/wp\/v2\/pages\/1794\/revisions"}],"predecessor-version":[{"id":1824,"href":"https:\/\/ugdymaslauke.lt\/index.php?rest_route=\/wp\/v2\/pages\/1794\/revisions\/1824"}],"wp:attachment":[{"href":"https:\/\/ugdymaslauke.lt\/index.php?rest_route=%2Fwp%2Fv2%2Fmedia&parent=1794"}],"curies":[{"name":"wp","href":"https:\/\/api.w.org\/{rel}","templated":true}]}}