{"id":1796,"date":"2020-06-25T15:03:54","date_gmt":"2020-06-25T15:03:54","guid":{"rendered":"https:\/\/ugdymaslauke.lt\/?page_id=1796"},"modified":"2024-06-11T07:47:32","modified_gmt":"2024-06-11T07:47:32","slug":"asociacija","status":"publish","type":"page","link":"https:\/\/ugdymaslauke.lt\/?page_id=1796","title":{"rendered":"Asociacija"},"content":{"rendered":"\n<p class=\"has-text-align-center\"><strong>Asociacija &#8220;Ugdymas lauke&#8221;<\/strong><\/p>\n\n\n\n<p class=\"has-text-align-center\">\u012emon\u0117s kodas 305535426<\/p>\n\n\n\n<p class=\"has-text-align-center\">Kazl\u0173 R\u016bdos sav., Kazl\u0173 R\u016bdos sen., Kardok\u0173 k., Upelio g. 7<\/p>\n\n\n\n<p class=\"has-text-align-center\">El. pa\u0161tas traku.laimingi.vaikai@gmail.com<\/p>\n\n\n\n<p class=\"has-text-align-center\">Mob. +370 611 69280<\/p>\n\n\n\n<p class=\"has-text-align-center\"><em>Esame Asociacijos \u201eNacionalinis \u0161vietimo NVO tinklas\u201c tikrasis narys<\/em><\/p>\n","protected":false},"excerpt":{"rendered":"<p>Asociacija &#8220;Ugdymas lauke&#8221; \u012emon\u0117s kodas 305535426 Kazl\u0173 R\u016bdos sav., Kazl\u0173 R\u016bdos sen., Kardok\u0173 k., Upelio g. 7 El. pa\u0161tas traku.laimingi.vaikai@gmail.com Mob. +370 611 69280 Esame Asociacijos \u201eNacionalinis \u0161vietimo NVO tinklas\u201c tikrasis narys<\/p>\n","protected":false},"author":1,"featured_media":0,"parent":0,"menu_order":0,"comment_status":"closed","ping_status":"closed","template":"","meta":{"jetpack_post_was_ever_published":false,"footnotes":""},"jetpack_sharing_enabled":true,"jetpack_shortlink":"https:\/\/wp.me\/P71AQ4-sY","jetpack-related-posts":[],"jetpack_likes_enabled":true,"_links":{"self":[{"href":"https:\/\/ugdymaslauke.lt\/index.php?rest_route=\/wp\/v2\/pages\/1796"}],"collection":[{"href":"https:\/\/ugdymaslauke.lt\/index.php?rest_route=\/wp\/v2\/pages"}],"about":[{"href":"https:\/\/ugdymaslauke.lt\/index.php?rest_route=\/wp\/v2\/types\/page"}],"author":[{"embeddable":true,"href":"https:\/\/ugdymaslauke.lt\/index.php?rest_route=\/wp\/v2\/users\/1"}],"replies":[{"embeddable":true,"href":"https:\/\/ugdymaslauke.lt\/index.php?rest_route=%2Fwp%2Fv2%2Fcomments&post=1796"}],"version-history":[{"count":5,"href":"https:\/\/ugdymaslauke.lt\/index.php?rest_route=\/wp\/v2\/pages\/1796\/revisions"}],"predecessor-version":[{"id":1868,"href":"https:\/\/ugdymaslauke.lt\/index.php?rest_route=\/wp\/v2\/pages\/1796\/revisions\/1868"}],"wp:attachment":[{"href":"https:\/\/ugdymaslauke.lt\/index.php?rest_route=%2Fwp%2Fv2%2Fmedia&parent=1796"}],"curies":[{"name":"wp","href":"https:\/\/api.w.org\/{rel}","templated":true}]}}